{"id":17,"date":"2020-03-25T11:50:43","date_gmt":"2020-03-25T11:50:43","guid":{"rendered":"https:\/\/mylanguagesoup.com\/?page_id=17"},"modified":"2024-08-29T12:23:12","modified_gmt":"2024-08-29T10:23:12","slug":"about-pary","status":"publish","type":"page","link":"https:\/\/mylanguagesoup.com\/fr\/about-pary\/","title":{"rendered":"Pary Weinberg"},"content":{"rendered":"\n<div id=\"wp-block-themeisle-blocks-advanced-columns-98c884f4\" class=\"wp-block-themeisle-blocks-advanced-columns has-1-columns has-desktop-equal-layout has-tablet-equal-layout has-mobile-equal-layout has-vertical-unset has-default-gap blue-section has-dark-bg\"><div class=\"wp-block-themeisle-blocks-advanced-columns-overlay\"><\/div><div class=\"innerblocks-wrap\">\n<div id=\"wp-block-themeisle-blocks-advanced-column-a4f6ea52\" class=\"wp-block-themeisle-blocks-advanced-column\">\n<div class=\"wp-block-columns narrow is-layout-flex wp-container-core-columns-is-layout-9d6595d7 wp-block-columns-is-layout-flex\">\n<div class=\"wp-block-column is-layout-flow wp-block-column-is-layout-flow\" style=\"flex-basis:30%\"><div class=\"wp-block-image profile-image is-style-default\">\n<figure class=\"alignright size-full is-resized\"><img loading=\"lazy\" decoding=\"async\" width=\"1024\" height=\"768\" src=\"https:\/\/mylanguagesoup.com\/wp-content\/uploads\/2021\/10\/Bymba-me.png\" alt=\"\" class=\"wp-image-1119\" style=\"width:219px;height:164px\" srcset=\"https:\/\/mylanguagesoup.com\/wp-content\/uploads\/2021\/10\/Bymba-me.png 1024w, https:\/\/mylanguagesoup.com\/wp-content\/uploads\/2021\/10\/Bymba-me-300x225.png 300w, https:\/\/mylanguagesoup.com\/wp-content\/uploads\/2021\/10\/Bymba-me-768x576.png 768w, https:\/\/mylanguagesoup.com\/wp-content\/uploads\/2021\/10\/Bymba-me-960x720.png 960w\" sizes=\"auto, (max-width: 1024px) 100vw, 1024px\" \/><figcaption class=\"wp-element-caption\"><strong><em>Bymba and Pary in Dordogne<\/em><\/strong><\/figcaption><\/figure>\n<\/div>\n\n\n<p><\/p>\n<\/div>\n\n\n\n<div class=\"wp-block-column is-layout-flow wp-block-column-is-layout-flow\" style=\"flex-basis:70%\">\n<p><\/p>\n\n\n\n<h5 class=\"wp-block-heading is-style-default has-white-color has-text-color has-link-color wp-elements-13155ad7a1e1f7617fe795a2c5d6d98f\"><em>After working over 30 years in the U.S. Higher Education organizations, Pary lives in France now. She teaches her classes mainly online and occasionally face to face. She offers coaching sessions in French, Persian and English.<\/em><\/h5>\n\n\n\n<h2 class=\"wp-block-heading has-text-align-center has-black-color has-luminous-vivid-amber-background-color has-text-color has-background has-medium-font-size\"><em><a href=\"https:\/\/mylanguagesoup.com\/about-pary\/french-links\/\"><mark style=\"background-color:rgba(0, 0, 0, 0)\" class=\"has-inline-color has-white-color\"> <\/mark><\/a><\/em><a rel=\"noreferrer noopener\" href=\"https:\/\/mylanguagesoup.com\/about-pary\/french-links\/\" target=\"_blank\"><em><mark style=\"background-color:rgba(0, 0, 0, 0)\" class=\"has-inline-color has-white-color\">Links for FRENCH<\/mark><\/em><\/a><\/h2>\n\n\n\n<h3 class=\"wp-block-heading has-text-align-center has-black-color has-luminous-vivid-amber-background-color has-text-color has-background has-medium-font-size\"><a aria-label=\"Links for PERSIAN (opens in a new tab)\" href=\"https:\/\/mylanguagesoup.com\/about-pary\/persian-links\/\" target=\"_blank\" rel=\"noreferrer noopener\"><em><mark style=\"background-color:rgba(0, 0, 0, 0)\" class=\"has-inline-color has-white-color\">Links for PERSIAN<\/mark><\/em><\/a><\/h3>\n\n\n\n<h4 class=\"wp-block-heading has-text-align-center is-style-widget-title has-white-color has-vivid-green-cyan-background-color has-text-color has-background\"><em>Curriculum Vitae en bref<\/em><\/h4>\n\n\n\n<p><\/p>\n\n\n\n<p><strong>EXP\u00c9RIENCE PROFESSIONNELLE:<\/strong><\/p>\n\n\n\n<div class=\"wp-block-group\"><div class=\"wp-block-group__inner-container is-layout-constrained wp-block-group-is-layout-constrained\">\n<p><strong>2015- present                               <\/strong><\/p>\n\n\n\n<p>                                                            <strong>MY LANGUAGE SOUP<\/strong><\/p>\n<\/div><\/div>\n\n\n\n<p>                                                            Cours d&rsquo;anglais, de persan et de fran\u00e7ais<\/p>\n\n\n\n<p><br><strong>2014-21&nbsp;&nbsp;&nbsp;&nbsp;&nbsp;&nbsp;&nbsp;&nbsp;&nbsp;&nbsp;&nbsp;&nbsp;&nbsp;&nbsp;&nbsp;&nbsp;&nbsp;&nbsp;&nbsp;&nbsp;&nbsp;&nbsp;&nbsp;&nbsp;&nbsp; Formatrice d&rsquo;Anglais et de FLE<\/strong><\/p>\n\n\n\n<p>EARLY MAKERS LYON BUSINESS SCHOOL &#8211; Paris et en ligne<\/p>\n\n\n\n<p>ELLI&rsquo;UP &#8211; Paris et en ligne<\/p>\n\n\n\n<p>ALLIANZ &#8211; La D\u00e9fense<\/p>\n\n\n\n<p>SKEMA Business School &#8211; La D\u00e9fense<\/p>\n\n\n\n<p>EMB &#8211; Boulogne Billancourt<\/p>\n\n\n\n<p>GRETA 94 &#8211; Val de Marne<\/p>\n\n\n\n<p>VEOLIA\/OTV &#8211; Saint-Maurice<\/p>\n\n\n\n<p>VINCI &#8211; Projet LGV &#8211; SEA &#8211; D.P.A. COSEA &#8211; Poitiers<\/p>\n\n\n\n<p><em>Formation des cadres pour le projet Sud Europe Atlantique Train \u00e0<\/em><\/p>\n\n\n\n<p><em>Grande Vitesse<\/em><\/p>\n\n\n\n<p>&nbsp;&nbsp;&nbsp;&nbsp;&nbsp;&nbsp;&nbsp;&nbsp;&nbsp;&nbsp;&nbsp; &nbsp;Metropolitan, Formation Langues et Aptitudes &#8211; Boulogne Billancourt<\/p>\n\n\n\n<p>SOFFRES &#8211; Paris<\/p>\n\n\n\n<p>IFREMER&nbsp; &#8211; Issy-les-Moulineaux<\/p>\n\n\n\n<p>CWD\/LIM &nbsp;&#8211; St Est\u00e8phe<\/p>\n\n\n\n<p>&nbsp;&nbsp;&nbsp;&nbsp;&nbsp;&nbsp;&nbsp;&nbsp;&nbsp;&nbsp; <em>Formation des cadres &#8211; Niveaux de A1 \u00e0 C1<\/em><\/p>\n\n\n\n<p>POLE EMPLOI &#8211; Cours de Fran\u00e7ais: La Petite Maison des Langues, &nbsp;Thiviers, France &nbsp;&nbsp;&nbsp;&nbsp;&nbsp;&nbsp;&nbsp;&nbsp;&#8211;Travail avec les demandeurs d&#8217;emploi<\/p>\n\n\n\n<p><strong>1994-15<\/strong>&nbsp;&nbsp; &nbsp;&nbsp;&nbsp;&nbsp;&nbsp;&nbsp;&nbsp;&nbsp;&nbsp;&nbsp;&nbsp;&nbsp;&nbsp;&nbsp; Professeur de Fran\u00e7ais, d&rsquo;Anglais et de Persan, Augsburg College, Minneapolis, ETATS-UNIS<\/p>\n\n\n\n<p>COURS ENSEIGNES \u00e0 Augsburg College: Litt\u00e9rature Fran\u00e7aise, Composition Fran\u00e7aise et Stylistique, Fran\u00e7ais El\u00e9mentaire et Interm\u00e9diaire, Civilisation Fran\u00e7aise, Litt\u00e9rature Fran\u00e7aise du XX\u00e8me si\u00e8cle, Introduction aux textes litt\u00e9raires, Berlin et Paris: Art &amp; Culture entre les Deux Guerres, Narratologie,<\/p>\n\n\n\n<p>Le Cin\u00e9ma Fran\u00e7ais, Persan El\u00e9mentaire, Persan interm\u00e9diaire<br><br><strong>2004-13<\/strong> &nbsp;&nbsp;&nbsp;&nbsp;&nbsp;&nbsp;&nbsp;&nbsp;&nbsp; Professeur de Fran\u00e7ais, MCTC, Minneapolis, Minnesota, ETATS-UNIS<\/p>\n\n\n\n<p><strong>1998-99<\/strong> &nbsp;&nbsp;&nbsp;&nbsp;&nbsp;&nbsp;&nbsp;&nbsp;&nbsp; Professeur de Fran\u00e7ais, Metropolitan State University, Minneapolis, ETATS-UNIS<br><strong>1991-94<\/strong> &nbsp;&nbsp;&nbsp;&nbsp;&nbsp;&nbsp;&nbsp;&nbsp;&nbsp; Lectrice, Universit\u00e9 de Californie, Los Angeles, ETATS-UNIS<br><strong>1992-94<\/strong> &nbsp;&nbsp;&nbsp;&nbsp;&nbsp;&nbsp;&nbsp;&nbsp;&nbsp; Lectrice, Universit\u00e9 Loyola Marymount, Los Angeles, ETATS-UNIS<\/p>\n\n\n\n<p><strong>1989-92<\/strong> &nbsp;&nbsp;&nbsp;&nbsp;&nbsp;&nbsp;&nbsp;&nbsp;&nbsp; Lectrice, University of Southern California, Los Angeles, ETATS-UNIS<\/p>\n\n\n\n<p><strong>1988-89 &nbsp;&nbsp;<\/strong>&nbsp;&nbsp;&nbsp;&nbsp;&nbsp;&nbsp;&nbsp; Coach Linguistique et Culturel, Walt Disney Imagineering, Glendale, ETATS-UNIS<br><br><\/p>\n\n\n\n<p><strong>FORMATION:<\/strong><br>\u2022 Doctorat, Lettres Modernes, Universit\u00e9 de Californie \u00e0 Los Angeles (UCLA) Etats-Unis<\/p>\n\n\n\n<p>\u2022 Certificat en Informatique, Augsburg College, Minneapolis, Etats-Unis<\/p>\n\n\n\n<p>\u2022 Certificat en Infographie, Augsburg College, Minneapolis, Etats-Unis<br>\u2022 D.E.A.&nbsp; Litt\u00e9rature Compar\u00e9e, Universit\u00e9 de Nice, France<br>\u2022 Ma\u00eetrise de Lettres Modernes, Universit\u00e9 de Nice, France<br><br><strong>LANGUES:<\/strong><br>Anglais, Fran\u00e7ais, Persan,<\/p>\n\n\n\n<p>Italien, Espagnol, Portugais (notions de base)<br><br><strong>COMP\u00c9TENCES INFORMATIQUES:<\/strong><\/p>\n\n\n\n<p>Plateformes d&rsquo;apprentissage eLearning: Moodle, Blackboard, D2L, VoiceThread.<\/p>\n\n\n\n<p>Autres logiciels: PowerPoint, Excel, Illustrator, Freehand, Photoshop, QuarkXpress, In-Design<\/p>\n\n\n\n<p><strong>AUTRES EXPERIENCES PROFESSIONNELLES:<\/strong><\/p>\n\n\n\n<p>\u2022 Traductrice: Entertainment Business Services International, Los Angeles, Californie, ETATS-UNIS.&nbsp;&nbsp;&nbsp;<\/p>\n\n\n\n<p>Projets courts:<br>&nbsp;&nbsp;&nbsp;&nbsp;&nbsp;&nbsp;&nbsp;&nbsp; &nbsp;&nbsp; Traduction et Voice coaching<br>\u2022 Bridge International<br>\u2022 Bobbitt Publishing<br>\u2022 Creative Artists Agency<br>\u2022 Pragma Corporation<br>\u2022 M\u00e9decins Sans Fronti\u00e8res<br>\u2022 Select Capital Management<br>\u2022 La Fondation Cousteau<\/p>\n\n\n\n<ul class=\"wp-block-list\">\n<li>Le Journal de T\u00e9h\u00e9ran<br><br><strong>PUBLICATIONS et CONFERENCES:<br><\/strong><br>Liste fournie sur demande<br><br><\/li>\n<\/ul>\n<\/div>\n<\/div>\n<\/div>\n<\/div><\/div>\n\n\n\n<div id=\"wp-block-themeisle-blocks-advanced-columns-caaf5a2e\" class=\"wp-block-themeisle-blocks-advanced-columns has-1-columns has-desktop-equal-layout has-tablet-equal-layout has-mobile-equal-layout has-vertical-unset has-default-gap white-section\"><div class=\"wp-block-themeisle-blocks-advanced-columns-overlay\"><\/div><div class=\"innerblocks-wrap\">\n<div id=\"wp-block-themeisle-blocks-advanced-column-9c9b149d\" class=\"wp-block-themeisle-blocks-advanced-column\">\n<h2 class=\"wp-block-heading has-text-align-center\"><\/h2>\n\n\n\n<p><\/p>\n\n\n\n<p><strong><br> <\/strong><br> <\/p>\n\n\n\n<p><\/p>\n\n\n\n<p><\/p>\n\n\n\n<p class=\"has-small-font-size\"><\/p>\n\n\n\n<p><\/p>\n\n\n\n<p><\/p>\n\n\n\n<p><\/p>\n\n\n\n<p><\/p>\n\n\n\n<p><br> <br><br> <\/p>\n\n\n\n\n<\/div>\n<\/div><\/div>\n","protected":false},"excerpt":{"rendered":"","protected":false},"author":1,"featured_media":0,"parent":0,"menu_order":0,"comment_status":"closed","ping_status":"closed","template":"","meta":{"_bbp_topic_count":0,"_bbp_reply_count":0,"_bbp_total_topic_count":0,"_bbp_total_reply_count":0,"_bbp_voice_count":0,"_bbp_anonymous_reply_count":0,"_bbp_topic_count_hidden":0,"_bbp_reply_count_hidden":0,"_bbp_forum_subforum_count":0,"_themeisle_gutenberg_block_has_review":false,"footnotes":""},"class_list":["post-17","page","type-page","status-publish","hentry"],"_links":{"self":[{"href":"https:\/\/mylanguagesoup.com\/fr\/wp-json\/wp\/v2\/pages\/17","targetHints":{"allow":["GET"]}}],"collection":[{"href":"https:\/\/mylanguagesoup.com\/fr\/wp-json\/wp\/v2\/pages"}],"about":[{"href":"https:\/\/mylanguagesoup.com\/fr\/wp-json\/wp\/v2\/types\/page"}],"author":[{"embeddable":true,"href":"https:\/\/mylanguagesoup.com\/fr\/wp-json\/wp\/v2\/users\/1"}],"replies":[{"embeddable":true,"href":"https:\/\/mylanguagesoup.com\/fr\/wp-json\/wp\/v2\/comments?post=17"}],"version-history":[{"count":55,"href":"https:\/\/mylanguagesoup.com\/fr\/wp-json\/wp\/v2\/pages\/17\/revisions"}],"predecessor-version":[{"id":1251,"href":"https:\/\/mylanguagesoup.com\/fr\/wp-json\/wp\/v2\/pages\/17\/revisions\/1251"}],"wp:attachment":[{"href":"https:\/\/mylanguagesoup.com\/fr\/wp-json\/wp\/v2\/media?parent=17"}],"curies":[{"name":"wp","href":"https:\/\/api.w.org\/{rel}","templated":true}]}}