{"id":130,"date":"2020-03-25T11:50:43","date_gmt":"2020-03-25T11:50:43","guid":{"rendered":"https:\/\/mylanguagesoup.com\/about-pary\/"},"modified":"2020-03-25T18:39:39","modified_gmt":"2020-03-25T17:39:39","slug":"a-propos-de-pary","status":"publish","type":"page","link":"https:\/\/mylanguagesoup.com\/fr\/a-propos-de-pary\/","title":{"rendered":"Pary Weinberg"},"content":{"rendered":"\n<div class=\"wp-block-themeisle-blocks-advanced-columns has-1-columns has-desktop-equal-layout has-tablet-equal-layout has-mobile-equal-layout has-default-gap has-vertical-unset blue-section\" id=\"wp-block-themeisle-blocks-advanced-columns-98c884f4\"><div class=\"wp-block-themeisle-blocks-advanced-columns-overlay\"><\/div><div class=\"innerblocks-wrap\">\n<div class=\"wp-block-themeisle-blocks-advanced-column\" id=\"wp-block-themeisle-blocks-advanced-column-a4f6ea52\">\n<div class=\"wp-block-columns narrow is-layout-flex wp-container-core-columns-is-layout-9d6595d7 wp-block-columns-is-layout-flex\">\n<div class=\"wp-block-column is-layout-flow wp-block-column-is-layout-flow\" style=\"flex-basis:30%\">\n<figure class=\"wp-block-image size-full profile-image\"><img loading=\"lazy\" decoding=\"async\" width=\"480\" height=\"480\" src=\"https:\/\/mylanguagesoup.com\/wp-content\/uploads\/2020\/03\/pary-weinberg.jpg\" alt=\"Pary weinburg\" class=\"wp-image-77\" srcset=\"https:\/\/mylanguagesoup.com\/wp-content\/uploads\/2020\/03\/pary-weinberg.jpg 480w, https:\/\/mylanguagesoup.com\/wp-content\/uploads\/2020\/03\/pary-weinberg-300x300.jpg 300w, https:\/\/mylanguagesoup.com\/wp-content\/uploads\/2020\/03\/pary-weinberg-150x150.jpg 150w\" sizes=\"auto, (max-width: 480px) 100vw, 480px\" \/><\/figure>\n<\/div>\n\n\n\n<div class=\"wp-block-column is-layout-flow wp-block-column-is-layout-flow\" style=\"flex-basis:70%\">\n<p>Pary Weinberg is of French-Iranian origin and lives in France. She has over 30 years of foreign language tuition experience. <\/p>\n\n\n\n<p>She is a fluent English and Persian speaker. She also speaks some Italian, Spanish and Portugese. <\/p>\n<\/div>\n<\/div>\n<\/div>\n<\/div><\/div>\n\n\n\n<div class=\"wp-block-themeisle-blocks-advanced-columns has-1-columns has-desktop-equal-layout has-tablet-equal-layout has-mobile-equal-layout has-default-gap has-vertical-unset white-section\" id=\"wp-block-themeisle-blocks-advanced-columns-caaf5a2e\"><div class=\"wp-block-themeisle-blocks-advanced-columns-overlay\"><\/div><div class=\"innerblocks-wrap\">\n<div class=\"wp-block-themeisle-blocks-advanced-column\" id=\"wp-block-themeisle-blocks-advanced-column-9c9b149d\">\n<h2 class=\"has-text-align-center wp-block-heading\">Pary Weinberg CV<\/h2>\n\n\n\n<figure class=\"wp-block-table cv\"><table class=\"\"><tbody><tr><th>EXP\u00c9RIENCE PROFESSIONNELLE<\/th><th><\/th><\/tr><tr><td>2014-2017<\/td><td><strong>Formatrice d&rsquo;Anglais :<\/strong> \n\n<ul> \n<li>BLS &#8211; Paris<\/li>\n<li>SKEMA Business School &#8211; La D\u00e9fense<\/li>\n<li>EMB &#8211; Boulogne Billancourt<\/li>\n<li>GRETA 94 &#8211; Val de Marne<\/li>\n<li>VEOLIA\/OTV &#8211; Saint-Maurice<\/li>\n<li>VINCI &#8211; Projet LGV &#8211; SEA &#8211; D.P.A. COSEA &#8211; Poitiers<br> \n<i> &#8211; Formation des cadres pour le projet Sud Europe Atlantique Train \u00e0 \nGrande Vitesse<\/i> <br>\n<i>&#8211; Metropolitan, Formation Langues et Aptitudes &#8211; Boulogne Billancourt<\/i><\/li>\n<li>SOFFRES &#8211; Paris<\/li>\n<li>IFREMER  &#8211; Issy-les-Moulineaux<\/li>\n<li>CWD\/LIM  &#8211; St Est\u00e8phe<br>\n<i>&#8211; Formation des cadres &#8211; Niveaux de A1 \u00e0 C1<\/i><\/li>\n<li>POLE EMPLOI &#8211; Cours de Fran\u00e7ais: La Petite Maison des Langues,  Thiviers, France \n<br><i> &#8211; Travail avec les demandeurs d&#8217;emploi<\/i> <\/li>\n<\/ul>\n<\/td><\/tr><tr><td>1994-2015<\/td><td>Professeur de Fran\u00e7ais, d&rsquo;Anglais et de Persan, Augsburg College, Minneapolis, ETATS-UNIS<\/td><\/tr><tr><td>COURS ENSEIGNES \u00e0 Augsburg College<\/td><td>Litt\u00e9rature Fran\u00e7aise, Composition Fran\u00e7aise et Stylistique, Fran\u00e7ais El\u00e9mentaire et Interm\u00e9diaire, Civilisation Fran\u00e7aise, Litt\u00e9rature Fran\u00e7aise du XX\u00e8me si\u00e8cle, Introduction aux textes litt\u00e9raires, Berlin et Paris: Art &amp; Culture entre les Deux Guerres, Narratologie, \nLe Cin\u00e9ma Fran\u00e7ais, Persan El\u00e9mentaire.\n<\/td><\/tr><tr><td>2004-2013<\/td><td>Professeur de Fran\u00e7ais, MCTC, Minneapolis, Minnesota, ETATS-UNIS<\/td><\/tr><tr><td>1998-1999<\/td><td>Professeur de Fran\u00e7ais, Metropolitan State University, Minneapolis, ETATS-UNIS<\/td><\/tr><tr><td>1991-1994<\/td><td>Lectrice, Universit\u00e9 de Californie, Los Angeles, ETATS-UNIS<\/td><\/tr><tr><td>1992-1994<\/td><td>Lectrice, Universit\u00e9 Loyola Marymount, Los Angeles, ETATS-UNIS<\/td><\/tr><tr><td>1989-1992<\/td><td>Lectrice, University of Southern California, Los Angeles, ETATS-UNIS<\/td><\/tr><tr><td>1988-1989<\/td><td>Coach Linguistique et Culturel, Walt Disney Imagineering, Glendale, ETATS-UNIS<\/td><\/tr><\/tbody><\/table><\/figure>\n\n\n\n<figure class=\"wp-block-table cv\"><table class=\"\"><tbody><tr><th>Formation<\/th><th><\/th><\/tr><tr><td><\/td><td>Doctorat, Lettres Modernes, Universit\u00e9 de Californie \u00e0 Los Angeles (UCLA) Etats-Unis<\/td><\/tr><tr><td><\/td><td>Certificat en Informatique, Augsburg College, Minneapolis, Etats-Unis<\/td><\/tr><tr><td><\/td><td>Certificat en Infographie, Augsburg College, Minneapolis, Etats-Unis<\/td><\/tr><tr><td><\/td><td>D.E.A.  Litt\u00e9rature Compar\u00e9e, Universit\u00e9 de Nice, France<\/td><\/tr><tr><td><\/td><td>Ma\u00eetrise de Lettres Modernes, Universit\u00e9 de Nice, France<\/td><\/tr><\/tbody><\/table><\/figure>\n\n\n\n<figure class=\"wp-block-table cv\"><table class=\"\"><tbody><tr><th>COMP\u00c9TENCES INFORMATIQUES :<\/th><th><\/th><\/tr><tr><td>Plateformes d&rsquo;apprentissage eLearning : <\/td><td>Moodle, Blackboard, D2L, VoiceThread. <\/td><\/tr><tr><td>Autres logiciels :<\/td><td>PowerPoint, Excel, Illustrator, Freehand, Photoshop, QuarkXpress, In-Design, WordPress <\/td><\/tr><\/tbody><\/table><\/figure>\n\n\n\n<figure class=\"wp-block-table cv\"><table class=\"\"><tbody><tr><th>AUTRES EXPERIENCES PROFESSIONNELLES :<\/th><th><\/th><\/tr><tr><td> <\/td><td>\n<ul>\n<li>Traductrice: Entertainment Business Services International, Los Angeles, Californie, \nETATS-UNIS.<\/li>\n<li>Projets courts: <i> &#8211; Traduction et Voice coaching<\/i><\/li> \n<li>Bridge International<\/li>\n<li>Bobbitt Publishing<\/li>\n<li>Creative Artists Agency<\/li>\n<li>Pragma Corporation<\/li>\n<li>M\u00e9decins Sans Fronti\u00e8res<\/li> \n<li>Select Capital Management<\/li>\n<li>La Fondation Cousteau<\/li>\n<\/ul>\n<\/td><\/tr><\/tbody><\/table><\/figure>\n<\/div>\n<\/div><\/div>\n","protected":false},"excerpt":{"rendered":"","protected":false},"author":1,"featured_media":0,"parent":0,"menu_order":0,"comment_status":"closed","ping_status":"closed","template":"","meta":{"_bbp_topic_count":0,"_bbp_reply_count":0,"_bbp_total_topic_count":0,"_bbp_total_reply_count":0,"_bbp_voice_count":0,"_bbp_anonymous_reply_count":0,"_bbp_topic_count_hidden":0,"_bbp_reply_count_hidden":0,"_bbp_forum_subforum_count":0,"_themeisle_gutenberg_block_has_review":false,"footnotes":""},"class_list":["post-130","page","type-page","status-publish","hentry"],"_links":{"self":[{"href":"https:\/\/mylanguagesoup.com\/fr\/wp-json\/wp\/v2\/pages\/130","targetHints":{"allow":["GET"]}}],"collection":[{"href":"https:\/\/mylanguagesoup.com\/fr\/wp-json\/wp\/v2\/pages"}],"about":[{"href":"https:\/\/mylanguagesoup.com\/fr\/wp-json\/wp\/v2\/types\/page"}],"author":[{"embeddable":true,"href":"https:\/\/mylanguagesoup.com\/fr\/wp-json\/wp\/v2\/users\/1"}],"replies":[{"embeddable":true,"href":"https:\/\/mylanguagesoup.com\/fr\/wp-json\/wp\/v2\/comments?post=130"}],"version-history":[{"count":2,"href":"https:\/\/mylanguagesoup.com\/fr\/wp-json\/wp\/v2\/pages\/130\/revisions"}],"predecessor-version":[{"id":165,"href":"https:\/\/mylanguagesoup.com\/fr\/wp-json\/wp\/v2\/pages\/130\/revisions\/165"}],"wp:attachment":[{"href":"https:\/\/mylanguagesoup.com\/fr\/wp-json\/wp\/v2\/media?parent=130"}],"curies":[{"name":"wp","href":"https:\/\/api.w.org\/{rel}","templated":true}]}}