{"id":124,"date":"2020-03-25T11:50:13","date_gmt":"2020-03-25T11:50:13","guid":{"rendered":"https:\/\/mylanguagesoup.com\/english-french-persian-foreign-language-courses\/"},"modified":"2020-03-25T16:45:10","modified_gmt":"2020-03-25T15:45:10","slug":"english-french-persian-foreign-language-courses","status":"publish","type":"page","link":"https:\/\/mylanguagesoup.com\/fr\/","title":{"rendered":"Cours de langues \u00e9trang\u00e8res en Anglais, Fran\u00e7ais et Persan"},"content":{"rendered":"\n<div class=\"wp-block-themeisle-blocks-advanced-columns has-1-columns has-desktop-equal-layout has-tablet-equal-layout has-mobile-equal-layout has-default-gap has-vertical-unset blue-section\" id=\"wp-block-themeisle-blocks-advanced-columns-9946e1ee\"><div class=\"wp-block-themeisle-blocks-advanced-columns-overlay\"><\/div><div class=\"innerblocks-wrap\">\n<div class=\"wp-block-themeisle-blocks-advanced-column\" id=\"wp-block-themeisle-blocks-advanced-column-130127f8\">\n<div class=\"wp-block-columns is-layout-flex wp-container-core-columns-is-layout-9d6595d7 wp-block-columns-is-layout-flex\">\n<div class=\"wp-block-column is-vertically-aligned-top is-layout-flow wp-block-column-is-layout-flow\">\n<p>Bienvenue chez My Language Soup. Nous sommes <a href=\"https:\/\/mylanguagesoup.com\/fr\/about-pary\/\">Pary<\/a> et <a href=\"https:\/\/mylanguagesoup.com\/fr\/about-lewis\/\">Lewis<\/a> Weinberg et nous sommes  des formateurs en langues \u00e9trang\u00e8res avec plus de 30 ans d&rsquo;exp\u00e9rience.<\/p>\n\n\n\n<p>Nous offrons une large gamme de cours d&rsquo;Anglais, de Fran\u00e7ais, de \nPersan tous niveaux. Nos formations sont prises en charge par des \nenseignants dont la langue d&rsquo;enseignement est leur langue maternelle.<\/p>\n\n\n\n<p>Nos formations ont lieu soit en pr\u00e9sentiel soit sur Internet pour \nvous permettre de mieux g\u00e9rer votre planning et vous faciliter le \nquotidien.<\/p>\n\n\n\n<div class=\"wp-block-button\"><a class=\"wp-block-button__link\" href=\"https:\/\/mylanguagesoup.com\/fr\/nous-contacter\/\">nous contacter<\/a><\/div>\n<\/div>\n\n\n\n<div class=\"wp-block-column is-vertically-aligned-center is-layout-flow wp-block-column-is-layout-flow\">\n<figure class=\"wp-block-image size-full\"><img loading=\"lazy\" decoding=\"async\" width=\"799\" height=\"599\" src=\"https:\/\/mylanguagesoup.com\/wp-content\/uploads\/2020\/03\/foreign-language-instruction.png\" alt=\"foreign language instruction - online courses\" class=\"wp-image-30\" srcset=\"https:\/\/mylanguagesoup.com\/wp-content\/uploads\/2020\/03\/foreign-language-instruction.png 799w, https:\/\/mylanguagesoup.com\/wp-content\/uploads\/2020\/03\/foreign-language-instruction-300x225.png 300w, https:\/\/mylanguagesoup.com\/wp-content\/uploads\/2020\/03\/foreign-language-instruction-768x576.png 768w\" sizes=\"auto, (max-width: 799px) 100vw, 799px\" \/><\/figure>\n<\/div>\n<\/div>\n<\/div>\n<\/div><\/div>\n\n\n\n<div class=\"wp-block-themeisle-blocks-advanced-columns has-1-columns has-desktop-equal-layout has-tablet-equal-layout has-mobile-equal-layout has-default-gap has-vertical-unset white-section\" id=\"wp-block-themeisle-blocks-advanced-columns-6e230486\"><div class=\"wp-block-themeisle-blocks-advanced-columns-overlay\"><\/div><div class=\"innerblocks-wrap\">\n<div class=\"wp-block-themeisle-blocks-advanced-column\" id=\"wp-block-themeisle-blocks-advanced-column-65948489\">\n<div class=\"wp-block-columns white-section is-layout-flex wp-container-core-columns-is-layout-9d6595d7 wp-block-columns-is-layout-flex\">\n<div class=\"wp-block-column is-layout-flow wp-block-column-is-layout-flow\">\n<h2 class=\"wp-block-heading\"> Comment \u00e7a marche<\/h2>\n\n\n\n<p> Nous proposons des cours sous divers formes, soit en pr\u00e9sentiel soit par  l&rsquo;enseignement \u00e0 distance. O\u00f9 que vous soyez, nous pouvons vous aider. <\/p>\n\n\n\n<p>Nous proposons :<\/p>\n\n\n\n<ul class=\"ticks wp-block-list\"><li> Des cours individuels<\/li><li> Des cours par t\u00e9l\u00e9phone<\/li><li> Des cours par vid\u00e9oconf\u00e9rence<\/li><li> Des cours virtuel en e-learning<\/li><li> Des stages en immersion<\/li><li> Des cours du soir<\/li><li> Du coaching sur mesure<\/li><li> Dess\u00e9minaires th\u00e9matiques <\/li><\/ul>\n<\/div>\n\n\n\n<div class=\"wp-block-column is-layout-flow wp-block-column-is-layout-flow\">\n<h2 class=\"wp-block-heading\"> Nos Tarifs <\/h2>\n\n\n\n<p>Pour des informations sur les tarifs de nos cours de formation, veuillez nous contacter.<\/p>\n\n\n\n<p>Vous pouvez soit nous appeler directement sur le 06 20 42 00 61, soit utiliser notre <a href=\"https:\/\/mylanguagesoup.com\/fr\/nous-contacter\/\">formulaire de contact<\/a>.<\/p>\n\n\n\n<p><\/p>\n\n\n\n<figure class=\"wp-block-image size-full\"><img loading=\"lazy\" decoding=\"async\" width=\"795\" height=\"602\" src=\"https:\/\/mylanguagesoup.com\/wp-content\/uploads\/2020\/03\/contact-my-language-soup-online-language-courses.jpg\" alt=\"foreign language courses online\" class=\"wp-image-45\" srcset=\"https:\/\/mylanguagesoup.com\/wp-content\/uploads\/2020\/03\/contact-my-language-soup-online-language-courses.jpg 795w, https:\/\/mylanguagesoup.com\/wp-content\/uploads\/2020\/03\/contact-my-language-soup-online-language-courses-300x227.jpg 300w, https:\/\/mylanguagesoup.com\/wp-content\/uploads\/2020\/03\/contact-my-language-soup-online-language-courses-768x582.jpg 768w\" sizes=\"auto, (max-width: 795px) 100vw, 795px\" \/><\/figure>\n<\/div>\n<\/div>\n<\/div>\n<\/div><\/div>\n\n\n\n<div class=\"wp-block-themeisle-blocks-advanced-columns has-1-columns has-desktop-equal-layout has-tablet-equal-layout has-mobile-equal-layout has-default-gap has-vertical-unset parallax\" id=\"wp-block-themeisle-blocks-advanced-columns-e8f26651\"><div class=\"wp-block-themeisle-blocks-advanced-columns-overlay\"><\/div><div class=\"innerblocks-wrap\">\n<div class=\"wp-block-themeisle-blocks-advanced-column\" id=\"wp-block-themeisle-blocks-advanced-column-6f0a8a96\">\n<h2 class=\"wp-block-heading\">Nous Proposons&#8230;<\/h2>\n\n\n\n<div class=\"wp-block-columns is-layout-flex wp-container-core-columns-is-layout-9d6595d7 wp-block-columns-is-layout-flex\">\n<div class=\"wp-block-column is-layout-flow wp-block-column-is-layout-flow\">\n<figure class=\"wp-block-image size-large\"><img loading=\"lazy\" decoding=\"async\" width=\"200\" height=\"200\" src=\"https:\/\/mylanguagesoup.com\/wp-content\/uploads\/2020\/03\/uk-flag.jpg\" alt=\"\" class=\"wp-image-50\" srcset=\"https:\/\/mylanguagesoup.com\/wp-content\/uploads\/2020\/03\/uk-flag.jpg 200w, https:\/\/mylanguagesoup.com\/wp-content\/uploads\/2020\/03\/uk-flag-150x150.jpg 150w\" sizes=\"auto, (max-width: 200px) 100vw, 200px\" \/><\/figure>\n\n\n\n<h3 class=\"wp-block-heading\">La Formation en Anglais <\/h3>\n<\/div>\n\n\n\n<div class=\"wp-block-column is-layout-flow wp-block-column-is-layout-flow\">\n<figure class=\"wp-block-image size-large\"><img loading=\"lazy\" decoding=\"async\" width=\"200\" height=\"200\" src=\"https:\/\/mylanguagesoup.com\/wp-content\/uploads\/2020\/03\/french-flag.jpg\" alt=\"\" class=\"wp-image-52\" srcset=\"https:\/\/mylanguagesoup.com\/wp-content\/uploads\/2020\/03\/french-flag.jpg 200w, https:\/\/mylanguagesoup.com\/wp-content\/uploads\/2020\/03\/french-flag-150x150.jpg 150w\" sizes=\"auto, (max-width: 200px) 100vw, 200px\" \/><\/figure>\n\n\n\n<h3 class=\"wp-block-heading\">La Formation en  Fran\u00e7ais <\/h3>\n<\/div>\n\n\n\n<div class=\"wp-block-column is-layout-flow wp-block-column-is-layout-flow\">\n<figure class=\"wp-block-image size-large\"><img loading=\"lazy\" decoding=\"async\" width=\"200\" height=\"200\" src=\"https:\/\/mylanguagesoup.com\/wp-content\/uploads\/2020\/03\/iran-flag.jpg\" alt=\"\" class=\"wp-image-53\" srcset=\"https:\/\/mylanguagesoup.com\/wp-content\/uploads\/2020\/03\/iran-flag.jpg 200w, https:\/\/mylanguagesoup.com\/wp-content\/uploads\/2020\/03\/iran-flag-150x150.jpg 150w\" sizes=\"auto, (max-width: 200px) 100vw, 200px\" \/><\/figure>\n\n\n\n<h3 class=\"wp-block-heading\">La Formation en Persan <\/h3>\n<\/div>\n<\/div>\n<\/div>\n<\/div><\/div>\n\n\n\n<div class=\"wp-block-themeisle-blocks-advanced-columns has-1-columns has-desktop-equal-layout has-tablet-equal-layout has-mobile-equal-layout has-default-gap has-vertical-unset white-section\" id=\"wp-block-themeisle-blocks-advanced-columns-f1cf9378\"><div class=\"wp-block-themeisle-blocks-advanced-columns-overlay\"><\/div><div class=\"innerblocks-wrap\">\n<div class=\"wp-block-themeisle-blocks-advanced-column\" id=\"wp-block-themeisle-blocks-advanced-column-d07c3cbe\">\n<div class=\"wp-block-columns white-section is-layout-flex wp-container-core-columns-is-layout-9d6595d7 wp-block-columns-is-layout-flex\">\n<div class=\"wp-block-column is-layout-flow wp-block-column-is-layout-flow\">\n<h2 class=\"wp-block-heading\">\u00c0 Propos de Nos Cours d&rsquo;Anglais<\/h2>\n\n\n\n<p> Nous sommes des dp\u00e9cialistes de formation en Anglais pour tous les niveaux et mati\u00e8res :  <\/p>\n\n\n\n<ul class=\"ticks wp-block-list\"><li> Anglais commercial, marketing, tourisme, mode, IT, Langue et culture<\/li><li> Sur mesure\u00a0: entretiens, r\u00e9unions, s\u00e9minaires<\/li><li> r\u00e9paration aux tests (TOEIC, BTF, BULATS, Cambridge,&#8230;)<\/li><li> Remise \u00e0 niveau pour les coll\u00e9giens, lyc\u00e9ens et \u00e9tudiants<\/li><li> Anglais rapide<\/li><li> Langue et culture g\u00e9n\u00e9rales <\/li><\/ul>\n<\/div>\n\n\n\n<div class=\"wp-block-column is-layout-flow wp-block-column-is-layout-flow\">\n<figure class=\"wp-block-image size-full\"><img loading=\"lazy\" decoding=\"async\" width=\"848\" height=\"565\" src=\"https:\/\/mylanguagesoup.com\/wp-content\/uploads\/2020\/03\/online-foreign-language-courses.jpg\" alt=\"\" class=\"wp-image-62\" srcset=\"https:\/\/mylanguagesoup.com\/wp-content\/uploads\/2020\/03\/online-foreign-language-courses.jpg 848w, https:\/\/mylanguagesoup.com\/wp-content\/uploads\/2020\/03\/online-foreign-language-courses-300x200.jpg 300w, https:\/\/mylanguagesoup.com\/wp-content\/uploads\/2020\/03\/online-foreign-language-courses-768x512.jpg 768w\" sizes=\"auto, (max-width: 848px) 100vw, 848px\" \/><\/figure>\n<\/div>\n<\/div>\n<\/div>\n<\/div><\/div>\n","protected":false},"excerpt":{"rendered":"","protected":false},"author":1,"featured_media":0,"parent":0,"menu_order":0,"comment_status":"closed","ping_status":"closed","template":"","meta":{"_bbp_topic_count":0,"_bbp_reply_count":0,"_bbp_total_topic_count":0,"_bbp_total_reply_count":0,"_bbp_voice_count":0,"_bbp_anonymous_reply_count":0,"_bbp_topic_count_hidden":0,"_bbp_reply_count_hidden":0,"_bbp_forum_subforum_count":0,"_themeisle_gutenberg_block_has_review":false,"footnotes":""},"class_list":["post-124","page","type-page","status-publish","hentry"],"_links":{"self":[{"href":"https:\/\/mylanguagesoup.com\/fr\/wp-json\/wp\/v2\/pages\/124","targetHints":{"allow":["GET"]}}],"collection":[{"href":"https:\/\/mylanguagesoup.com\/fr\/wp-json\/wp\/v2\/pages"}],"about":[{"href":"https:\/\/mylanguagesoup.com\/fr\/wp-json\/wp\/v2\/types\/page"}],"author":[{"embeddable":true,"href":"https:\/\/mylanguagesoup.com\/fr\/wp-json\/wp\/v2\/users\/1"}],"replies":[{"embeddable":true,"href":"https:\/\/mylanguagesoup.com\/fr\/wp-json\/wp\/v2\/comments?post=124"}],"version-history":[{"count":6,"href":"https:\/\/mylanguagesoup.com\/fr\/wp-json\/wp\/v2\/pages\/124\/revisions"}],"predecessor-version":[{"id":139,"href":"https:\/\/mylanguagesoup.com\/fr\/wp-json\/wp\/v2\/pages\/124\/revisions\/139"}],"wp:attachment":[{"href":"https:\/\/mylanguagesoup.com\/fr\/wp-json\/wp\/v2\/media?parent=124"}],"curies":[{"name":"wp","href":"https:\/\/api.w.org\/{rel}","templated":true}]}}